{"id":441,"date":"2023-01-29T08:10:39","date_gmt":"2023-01-29T08:10:39","guid":{"rendered":"https:\/\/aastakonverents2023.humanrightsestonia.ee\/?page_id=441"},"modified":"2023-02-03T13:50:25","modified_gmt":"2023-02-03T13:50:25","slug":"tehniline-info","status":"publish","type":"page","link":"https:\/\/aastakonverents2023.humanrightsestonia.ee\/et\/tehniline-info\/","title":{"rendered":"Tehniline info"},"content":{"rendered":"\n<p>Konverents toimub reedel,<strong>&nbsp;10. veebruaril 2023&nbsp;<\/strong><strong>kell 11:00<\/strong>&nbsp;&nbsp;<strong>Swissotel Tallinn&nbsp;<\/strong>konverentsikeskuses (Tornim\u00e4e 3, 6.korrus).&nbsp;<\/p>\n\n\n\n<p>P\u00e4eva avame kerge l\u00f5unas\u00f6\u00f6giga<strong>,&nbsp;<\/strong>milleks on<strong>&nbsp;ukraina bor\u0161 ,&nbsp;<\/strong>mis on<strong>&nbsp;<\/strong>kantud&nbsp;UNESCO&nbsp;&nbsp;vaimse kultuurip\u00e4randi nimekirja<strong>.&nbsp;<\/strong><\/p>\n\n\n\n<p><strong>Programmi algus on kell 12:00.<\/strong><br>Saabudes palume v\u00f5tta infolauast oma kaelakaart ning kanda seda konverentsi toimumiskohas kogu p\u00e4eva.&nbsp;&nbsp;<br><strong><br>Programmi ja esinejate&nbsp;<\/strong>kohta leiate rohkem infot&nbsp;<a href=\"https:\/\/aastakonverents2023.humanrightsestonia.ee\/et\/esileht\/\"><strong>konverentsi kodulehelt<\/strong><\/a><strong>.<br><\/strong>Konverentsi t\u00f6\u00f6keeled on eesti ja inglise keel, vastavalt vajadusele ka vene, ukraina ja valgevene keel.&nbsp;&nbsp;<\/p>\n\n\n\n<p><strong>Kuidas tulla?&nbsp;<\/strong>T\u00e4psema info \u00fchistranspordi kohta leiate&nbsp;<a href=\"https:\/\/www.swissotel.com\/hotels\/tallinn\/explore-hotel\/\">SIIT<\/a>. Autoga tulles palume arvestada, et piirkonnas on tasuline parkimine.&nbsp;Autoga tulles saab konverentsik\u00fclaline hotelli maa-aluses Europargi parklas 20% soodustust valideerides pileti konverentsikeskuse vastuv\u00f5tus.<\/p>\n\n\n\n<p>Kui olete j\u00e4\u00e4nud haigeks, plaanid on muutunud&nbsp;v\u00f5i tekib muid k\u00fcsimusi, v\u00f5tke palun korraldajatega \u00fchendust sellele kirjale vastates v\u00f5i kirjutades e-posti aadressil&nbsp;<a href=\"mailto:info@eihr.ee\">info@eihr.ee<\/a>&nbsp;.<\/p>\n","protected":false},"excerpt":{"rendered":"<p>Konverents toimub reedel,&nbsp;10. veebruaril 2023&nbsp;kell 11:00&nbsp;&nbsp;Swissotel Tallinn&nbsp;konverentsikeskuses (Tornim\u00e4e 3, 6.korrus).&nbsp; P\u00e4eva avame kerge l\u00f5unas\u00f6\u00f6giga,&nbsp;milleks on&nbsp;ukraina bor\u0161 ,&nbsp;mis on&nbsp;kantud&nbsp;UNESCO&nbsp;&nbsp;vaimse kultuurip\u00e4randi nimekirja.&nbsp; Programmi algus on kell 12:00.Saabudes palume v\u00f5tta infolauast oma kaelakaart ning kanda seda konverentsi toimumiskohas kogu p\u00e4eva.&nbsp;&nbsp;Programmi ja esinejate&nbsp;kohta leiate rohkem infot&nbsp;konverentsi kodulehelt.Konverentsi t\u00f6\u00f6keeled on eesti ja inglise keel, vastavalt vajadusele ka vene, ukraina ja [&hellip;]<\/p>\n","protected":false},"author":3,"featured_media":0,"parent":0,"menu_order":0,"comment_status":"closed","ping_status":"closed","template":"","meta":{"_acf_changed":false,"footnotes":""},"class_list":["post-441","page","type-page","status-publish","hentry"],"acf":[],"_links":{"self":[{"href":"https:\/\/aastakonverents2023.humanrightsestonia.ee\/et\/wp-json\/wp\/v2\/pages\/441","targetHints":{"allow":["GET"]}}],"collection":[{"href":"https:\/\/aastakonverents2023.humanrightsestonia.ee\/et\/wp-json\/wp\/v2\/pages"}],"about":[{"href":"https:\/\/aastakonverents2023.humanrightsestonia.ee\/et\/wp-json\/wp\/v2\/types\/page"}],"author":[{"embeddable":true,"href":"https:\/\/aastakonverents2023.humanrightsestonia.ee\/et\/wp-json\/wp\/v2\/users\/3"}],"replies":[{"embeddable":true,"href":"https:\/\/aastakonverents2023.humanrightsestonia.ee\/et\/wp-json\/wp\/v2\/comments?post=441"}],"version-history":[{"count":2,"href":"https:\/\/aastakonverents2023.humanrightsestonia.ee\/et\/wp-json\/wp\/v2\/pages\/441\/revisions"}],"predecessor-version":[{"id":490,"href":"https:\/\/aastakonverents2023.humanrightsestonia.ee\/et\/wp-json\/wp\/v2\/pages\/441\/revisions\/490"}],"wp:attachment":[{"href":"https:\/\/aastakonverents2023.humanrightsestonia.ee\/et\/wp-json\/wp\/v2\/media?parent=441"}],"curies":[{"name":"wp","href":"https:\/\/api.w.org\/{rel}","templated":true}]}}